{"id":242,"date":"2022-04-29T11:17:10","date_gmt":"2022-04-29T09:17:10","guid":{"rendered":"https:\/\/cappex.fr\/diagnostics-immobiliers\/?page_id=242"},"modified":"2022-09-17T09:35:21","modified_gmt":"2022-09-17T07:35:21","slug":"mentions-legales","status":"publish","type":"page","link":"https:\/\/cappex.fr\/diagnostics-immobiliers\/mentions-legales\/","title":{"rendered":"MENTIONS L\u00c9GALES"},"content":{"rendered":"<p>[vc_row][vc_column][vc_column_text]<\/p>\n<h1 style=\"text-align: center;\">MENTIONS L\u00c9GALES<\/h1>\n<p><span style=\"color: #000000;\"><b>Propri\u00e9taire du Site <\/b><a href=\"https:\/\/cappex.fr\">cappex.fr<\/a><b> :<br \/>\n<\/b>SARL CAPPEX<br \/>\nRCS 441 059 177 RCS Saint-Nazaire<br \/>\nSoci\u00e9t\u00e9 \u00e0 responsabilit\u00e9 limit\u00e9e au capital social de 7700 euros<br \/>\n<strong>Si\u00e8ge social<\/strong> : 10 rue du Bois 44510 LE POULIGUEN<br \/>\n<strong>Co-G\u00e9rants<\/strong> : Isabelle P\u00e9nos et Fr\u00e9d\u00e9ric Marty<br \/>\n<strong>T\u00e9l :<\/strong> <a href=\"http:\/\/tel+33240119036\">33(0)240119036<\/a><br \/>\n<strong>E-mail<\/strong> : <a href=\"mailto:diag@cappex.fr\">diag@cappex.fr<\/a><\/span><br \/>\n<span style=\"color: #000000;\"><strong>Assurance<\/strong><\/span> : MMA IARD SA Le Mans. N\u00b0 contrat 112593706 &#8211;<br \/>\n<span style=\"color: #000000;\"><strong>Certification<\/strong><\/span> : Certification de comp\u00e9tences Diagnostiqueur Immobilier : CERT Parc d\u2019Affaire Espace Performance B\u00e2t K \u2013 35760 Saint-Gr\u00e9goire. <a href=\"http:\/\/www.icert.fr\" target=\"_blank\" rel=\"noopener\" data-saferedirecturl=\"https:\/\/www.google.com\/url?q=http:\/\/www.icert.fr&amp;source=gmail&amp;ust=1663483991133000&amp;usg=AOvVaw29Pgg5DNY_3izAl45UWOPE\">www.icert.fr<\/a><br \/>\n<span style=\"color: #000000;\"><strong>SIRET<\/strong> : 441 059 177 36 | <strong>SIREN<\/strong> : 441059177 | <strong>NIC<\/strong> : 00010 | <strong>NAF<\/strong> : 7120B<\/span><\/p>\n<p><span style=\"color: #000000;\"><strong>Responsable \u00e9ditorial<\/strong> :\u00a0Fr\u00e9d\u00e9ric MARTY<\/span><\/p>\n<p style=\"color: #b51a00;\"><b><span style=\"color: #000000;\">H\u00e9bergement <\/span><\/b><span style=\"color: #000000;\">: <\/span><span style=\"color: #000000;\">OVH 2 rue Kellermann \u2013 BP 80157 59053 ROUBAIX CEDEX 1<\/span> <a href=\"http:\/\/www.ovh.fr\">www.ovh.fr<\/a> <span style=\"color: #000000;\">08 203 203 63<\/span><\/p>\n<p style=\"color: #b51a00;\"><span style=\"color: #000000;\"><b>Design<\/b><b>, photo &amp; animation digitale :<\/b><\/span>\u00a0<a href=\"https:\/\/paradiseisnotlost.com\">Paradiseisnotlost<\/a><\/p>\n<p style=\"color: #b51a00;\"><span style=\"color: #000000;\"><b>Cr\u00e9dit photos<\/b><b> : <\/b>Paradiseisnotlost | X<\/span><\/p>\n<p style=\"color: #b51a00;\"><span style=\"color: #000000;\"><b>Conditions d\u2019utilisation :<br \/>\n<\/b>La SARL CAPPEX<b> <\/b>met en \u0153uvre tous les moyens dont elle dispose, pour assurer une information fiable et une mise \u00e0 jour fiable de ses sites internet. Toutefois, des erreurs ou omissions peuvent survenir. L&rsquo;internaute devra donc s&rsquo;assurer de l&rsquo;exactitude des informations aupr\u00e8s de <a href=\"mailto:cappex44@gmail.com\">cappex44@gmail.com<\/a> et signaler toutes modifications du site qu&rsquo;il jugerait utile. La SARL CAPPEX<b> <\/b>n&rsquo;est en aucun cas responsable de l&rsquo;utilisation faite de ces informations, et de tout pr\u00e9judice direct ou indirect pouvant en d\u00e9couler.<\/span><\/p>\n<p><b>Cookies<\/b> : Le site <a href=\"http:\/\/www.cappex.fr\">www.cappex.fr<\/a> peut-\u00eatre amen\u00e9 \u00e0 vous <a href=\"https:\/\/cappex.fr\/diagnostics-immobiliers\/politique-de-cookies-ue\/\">demander l\u2019acceptation des cookies<\/a> pour des besoins de statistiques et d&rsquo;affichage. Un cookies est une information d\u00e9pos\u00e9e sur votre disque dure par le serveur du site que vous visitez. Il contient plusieurs donn\u00e9es qui sont stock\u00e9es sur votre ordinateur dans un simple fichier texte auquel un serveur acc\u00e8de pour lire et enregistrer des informations . Certaines parties de ce site ne peuvent \u00eatre fonctionnelle sans l\u2019acceptation de cookies.<\/p>\n<p><b>Liens hypertextes :<\/b> Les sites internet de peuvent offrir des liens vers d\u2019autres sites internet ou d\u2019autres ressources disponibles sur Internet. SARL CAPPEX ne dispose d&rsquo;aucun moyen pour contr\u00f4ler les sites en connexion avec ses sites internet, ne r\u00e9pond pas de la disponibilit\u00e9 de tels sites et sources externes, ni ne la garantit. Elle ne peut \u00eatre tenue pour responsable de tout dommage, de quelque nature que ce soit, r\u00e9sultant du contenu de ces sites ou sources externes, et notamment des informations, produits ou services qu\u2019ils proposent, ou de tout usage qui peut \u00eatre fait de ces \u00e9l\u00e9ments. Les risques li\u00e9s \u00e0 cette utilisation incombent pleinement \u00e0 l&rsquo;internaute, qui doit se conformer \u00e0 leurs conditions d&rsquo;utilisation.<\/p>\n<p>Les utilisateurs, les abonn\u00e9s et les visiteurs des sites internet ne peuvent mettre en place un hyperlien en direction de ce site sans l&rsquo;autorisation expresse et pr\u00e9alable de SARL CAPPEX.<\/p>\n<p style=\"color: #b51a00;\"><span style=\"color: #000000;\"><b>Limitations contractuelles sur les donn\u00e9es :<br \/>\n<\/b>Les informations contenues sur ce site sont aussi pr\u00e9cises que possibles et le site remis \u00e0 jour \u00e0 diff\u00e9rentes p\u00e9riodes de l\u2019ann\u00e9e, mais peut toutefois contenir des inexactitudes ou des omissions. Si vous constatez une lacune, erreur ou ce qui parait \u00eatre un dysfonctionnement, merci de bien vouloir le signaler par email, \u00e0 l\u2019adresse diag@cappex.fr, en d\u00e9crivant le probl\u00e8me de la mani\u00e8re la plus pr\u00e9cise possible (page posant probl\u00e8me, type d\u2019ordinateur et de navigateur utilis\u00e9, \u2026).<\/span><\/p>\n<p>Tout contenu t\u00e9l\u00e9charg\u00e9 se fait aux risques et p\u00e9rils de l&rsquo;utilisateur et sous sa seule responsabilit\u00e9. En cons\u00e9quence, ne saurait \u00eatre tenu responsable d&rsquo;un quelconque dommage subi par l&rsquo;ordinateur de l&rsquo;utilisateur ou d&rsquo;une quelconque perte de donn\u00e9es cons\u00e9cutives au t\u00e9l\u00e9chargement. <span style=\"color: #323333;\">De plus, l\u2019utilisateur du site s\u2019engage \u00e0 acc\u00e9der au site en utilisant un mat\u00e9riel r\u00e9cent, ne contenant pas de virus et avec un navigateur de derni\u00e8re g\u00e9n\u00e9ration mis-\u00e0-jour<\/span><\/p>\n<p>Les liens hypertextes mis en place dans le cadre du pr\u00e9sent site internet en direction d&rsquo;autres ressources pr\u00e9sentes sur le r\u00e9seau Internet ne sauraient engager la responsabilit\u00e9 de SARL CAPPEX.<\/p>\n<p style=\"color: #b51a00;\"><span style=\"color: #000000;\"><b>Propri\u00e9t\u00e9 intellectuelle :<br \/>\n<\/b>Tout le contenu du pr\u00e9sent sur le site <a href=\"http:\/\/www.cappex.fr\">www.cappex.fr<\/a>, incluant, de fa\u00e7on non limitative, les graphismes, images, textes, vid\u00e9os, animations, sons, logos, gifs et ic\u00f4nes ainsi que leur mise en forme sont la propri\u00e9t\u00e9 exclusive de la soci\u00e9t\u00e9 \u00e0 l&rsquo;exception des marques, logos ou contenus appartenant \u00e0 d&rsquo;autres soci\u00e9t\u00e9s partenaires ou auteurs.<\/span><\/p>\n<p>Toute reproduction, distribution, modification, adaptation, retransmission ou publication, m\u00eame partielle, de ces diff\u00e9rents \u00e9l\u00e9ments est strictement interdite sans l&rsquo;accord expr\u00e8s par \u00e9crit de SARL CAPPEX. Cette repr\u00e9sentation ou reproduction, par quelque proc\u00e9d\u00e9 que ce soit, constitue une contrefa\u00e7on sanctionn\u00e9e par les articles L.335-2 et suivants du Code de la propri\u00e9t\u00e9 intellectuelle.<\/p>\n<p style=\"color: #b51a00;\"><span style=\"color: #000000;\"><b>D\u00e9claration \u00e0 la CNIL :<br \/>\n<\/b>Conform\u00e9ment \u00e0 la loi 78-17 du 6 janvier 1978 (modifi\u00e9e par la loi 2004-801 du 6 ao\u00fbt 2004 relative \u00e0 la protection des personnes physiques \u00e0 l&rsquo;\u00e9gard des traitements de donn\u00e9es \u00e0 caract\u00e8re personnel) relative \u00e0 l&rsquo;informatique, aux fichiers et aux libert\u00e9s, la SARL CAPPEX utilisant uniquement les donn\u00e9es re\u00e7ues des internautes \u00e0 une utilisation administrative, ce site n&rsquo;a pas fait l&rsquo;objet d&rsquo;une d\u00e9claration aupr\u00e8s de la Commission nationale de l&rsquo;informatique et des libert\u00e9s (<a href=\"http:\/\/www.cnil.fr\/\">www.cnil.fr<\/a>).<\/span><\/p>\n<p style=\"color: #b51a00;\"><span style=\"color: #000000;\"><b>Litiges :<br \/>\n<\/b>Les pr\u00e9sentes conditions du site <a href=\"http:\/\/www.cappex.fr\">www.cappex.fr<\/a> sont r\u00e9gies par les lois fran\u00e7aises et toute contestation ou litiges qui pourraient na\u00eetre de l&rsquo;interpr\u00e9tation ou de l&rsquo;ex\u00e9cution de celles-ci seront de la comp\u00e9tence exclusive des tribunaux de Saint-Nazaire. La langue de r\u00e9f\u00e9rence, pour le r\u00e8glement de contentieux \u00e9ventuels, est le fran\u00e7ais.<\/span><\/p>\n<p style=\"color: #b51a00;\"><span style=\"color: #000000;\"><b>Donn\u00e9es personnelles :<br \/>\n<\/b>De mani\u00e8re g\u00e9n\u00e9rale, vous n\u2019\u00eates pas tenu de nous communiquer vos donn\u00e9es personnelles lorsque vous visitez notre site Internet<\/span> <a href=\"http:\/\/www.cappex.fr\">www.cappex.fr<\/a>.<\/p>\n<p>Cependant, ce principe comporte certaines exceptions. En effet, pour certains services propos\u00e9s par notre site, vous pouvez \u00eatre amen\u00e9s \u00e0 nous communiquer certaines donn\u00e9es telles que : votre nom, votre fonction, le nom de votre soci\u00e9t\u00e9, votre adresse \u00e9lectronique, et votre num\u00e9ro de t\u00e9l\u00e9phone. Tel est le cas lorsque vous remplissez le formulaire qui vous est propos\u00e9 en ligne, dans la rubrique \u00ab contact \u00bb. Dans tous les cas, vous pouvez refuser de fournir vos donn\u00e9es personnelles. Dans ce cas, vous ne pourrez pas utiliser les services du site, notamment celui de solliciter des renseignements sur notre soci\u00e9t\u00e9, ou de recevoir les lettres d\u2019information. Voir : <a href=\"https:\/\/cappex.fr\/diagnostics-immobiliers\/politique-de-confidentialite\/\">Politique de confidentialit\u00e9<\/a><\/p>\n<p>Enfin, nous pouvons collecter de mani\u00e8re automatique certaines informations vous concernant lors d\u2019une simple navigation sur notre site Internet, notamment : des informations concernant l\u2019utilisation de notre site, comme les zones que vous visitez et les services auxquels vous acc\u00e9dez, votre adresse IP, le type de votre navigateur, vos temps d&rsquo;acc\u00e8s. De telles informations sont utilis\u00e9es exclusivement \u00e0 des fins de statistiques internes, de mani\u00e8re \u00e0 am\u00e9liorer la qualit\u00e9 des services qui vous sont propos\u00e9s. Les bases de donn\u00e9es sont prot\u00e9g\u00e9es par les dispositions de la loi du 1er juillet 1998 transposant la directive 96\/9 du 11 mars 1996 relative \u00e0 la protection juridique des bases de donn\u00e9es.<b><\/b>[\/vc_column_text][\/vc_column][\/vc_row]<\/p>\n","protected":false},"excerpt":{"rendered":"<p>[vc_row][vc_column][vc_column_text] MENTIONS L\u00c9GALES Propri\u00e9taire du Site cappex.fr : SARL CAPPEX RCS 441 059 177 RCS Saint-Nazaire&#8230;<\/p>\n","protected":false},"author":2,"featured_media":106,"parent":0,"menu_order":0,"comment_status":"closed","ping_status":"closed","template":"","meta":{"footnotes":""},"class_list":["post-242","page","type-page","status-publish","has-post-thumbnail","hentry"],"yoast_head":"<!-- This site is optimized with the Yoast SEO plugin v27.5 - https:\/\/yoast.com\/product\/yoast-seo-wordpress\/ -->\n<title>MENTIONS L\u00c9GALES - CAPPEX Diagnostics Immobiliers 44<\/title>\n<meta name=\"description\" content=\"Mentions l\u00e8gales - CAPPEX Diagnostics immobiliers en presqu\u2019\u00eele Gu\u00e9randaise, C\u00f4te d&#039;Amour et de Jade, Grande Bri\u00e8re...\" \/>\n<meta name=\"robots\" content=\"index, follow, max-snippet:-1, max-image-preview:large, max-video-preview:-1\" \/>\n<link rel=\"canonical\" href=\"https:\/\/cappex.fr\/diagnostics-immobiliers\/mentions-legales\/\" \/>\n<meta property=\"og:locale\" content=\"fr_FR\" \/>\n<meta property=\"og:type\" content=\"article\" \/>\n<meta property=\"og:title\" content=\"MENTIONS L\u00c9GALES - CAPPEX Diagnostics Immobiliers 44\" \/>\n<meta property=\"og:description\" content=\"Mentions l\u00e8gales - CAPPEX Diagnostics immobiliers en presqu\u2019\u00eele Gu\u00e9randaise, C\u00f4te d&#039;Amour et de Jade, Grande Bri\u00e8re...\" \/>\n<meta property=\"og:url\" content=\"https:\/\/cappex.fr\/diagnostics-immobiliers\/mentions-legales\/\" \/>\n<meta property=\"og:site_name\" content=\"CAPPEX Diagnostics Immobiliers 44\" \/>\n<meta property=\"article:publisher\" content=\"https:\/\/www.facebook.com\/diagnosticsimmobiliers44\" \/>\n<meta property=\"article:modified_time\" content=\"2022-09-17T07:35:21+00:00\" \/>\n<meta property=\"og:image\" content=\"https:\/\/cappex.fr\/diagnostics-immobiliers\/wp-content\/uploads\/2022\/04\/cropped-22_cappex-logo_01.jpg\" \/>\n\t<meta property=\"og:image:width\" content=\"512\" \/>\n\t<meta property=\"og:image:height\" content=\"512\" \/>\n\t<meta property=\"og:image:type\" content=\"image\/jpeg\" \/>\n<meta name=\"twitter:card\" content=\"summary_large_image\" \/>\n<meta name=\"twitter:label1\" content=\"Dur\u00e9e de lecture estim\u00e9e\" \/>\n\t<meta name=\"twitter:data1\" content=\"6 minutes\" \/>\n<script type=\"application\/ld+json\" class=\"yoast-schema-graph\">{\"@context\":\"https:\\\/\\\/schema.org\",\"@graph\":[{\"@type\":\"WebPage\",\"@id\":\"https:\\\/\\\/cappex.fr\\\/diagnostics-immobiliers\\\/mentions-legales\\\/\",\"url\":\"https:\\\/\\\/cappex.fr\\\/diagnostics-immobiliers\\\/mentions-legales\\\/\",\"name\":\"MENTIONS L\u00c9GALES - CAPPEX Diagnostics Immobiliers 44\",\"isPartOf\":{\"@id\":\"https:\\\/\\\/cappex.fr\\\/diagnostics-immobiliers\\\/#website\"},\"primaryImageOfPage\":{\"@id\":\"https:\\\/\\\/cappex.fr\\\/diagnostics-immobiliers\\\/mentions-legales\\\/#primaryimage\"},\"image\":{\"@id\":\"https:\\\/\\\/cappex.fr\\\/diagnostics-immobiliers\\\/mentions-legales\\\/#primaryimage\"},\"thumbnailUrl\":\"https:\\\/\\\/cappex.fr\\\/diagnostics-immobiliers\\\/wp-content\\\/uploads\\\/2022\\\/04\\\/cropped-22_cappex-logo_01.jpg\",\"datePublished\":\"2022-04-29T09:17:10+00:00\",\"dateModified\":\"2022-09-17T07:35:21+00:00\",\"description\":\"Mentions l\u00e8gales - CAPPEX Diagnostics immobiliers en presqu\u2019\u00eele Gu\u00e9randaise, C\u00f4te d'Amour et de Jade, Grande Bri\u00e8re...\",\"breadcrumb\":{\"@id\":\"https:\\\/\\\/cappex.fr\\\/diagnostics-immobiliers\\\/mentions-legales\\\/#breadcrumb\"},\"inLanguage\":\"fr-FR\",\"potentialAction\":[{\"@type\":\"ReadAction\",\"target\":[\"https:\\\/\\\/cappex.fr\\\/diagnostics-immobiliers\\\/mentions-legales\\\/\"]}]},{\"@type\":\"ImageObject\",\"inLanguage\":\"fr-FR\",\"@id\":\"https:\\\/\\\/cappex.fr\\\/diagnostics-immobiliers\\\/mentions-legales\\\/#primaryimage\",\"url\":\"https:\\\/\\\/cappex.fr\\\/diagnostics-immobiliers\\\/wp-content\\\/uploads\\\/2022\\\/04\\\/cropped-22_cappex-logo_01.jpg\",\"contentUrl\":\"https:\\\/\\\/cappex.fr\\\/diagnostics-immobiliers\\\/wp-content\\\/uploads\\\/2022\\\/04\\\/cropped-22_cappex-logo_01.jpg\",\"width\":512,\"height\":512,\"caption\":\"Logo CAPPEX Diagnostics Immobiliers en C\u00f4te d'Amour\"},{\"@type\":\"BreadcrumbList\",\"@id\":\"https:\\\/\\\/cappex.fr\\\/diagnostics-immobiliers\\\/mentions-legales\\\/#breadcrumb\",\"itemListElement\":[{\"@type\":\"ListItem\",\"position\":1,\"name\":\"Accueil\",\"item\":\"https:\\\/\\\/cappex.fr\\\/diagnostics-immobiliers\\\/\"},{\"@type\":\"ListItem\",\"position\":2,\"name\":\"MENTIONS L\u00c9GALES\"}]},{\"@type\":\"WebSite\",\"@id\":\"https:\\\/\\\/cappex.fr\\\/diagnostics-immobiliers\\\/#website\",\"url\":\"https:\\\/\\\/cappex.fr\\\/diagnostics-immobiliers\\\/\",\"name\":\"CAPPEX Diagnostics Immobiliers 44\",\"description\":\"Diagnostics immobiliers depuis 2002 sur Le Pouliguen, La-Baule-Escoublac, Batz-sur-Mer, La Turballe, Piriac, Saint-Lyphard, Herbignac, Gu\u00e9rande, Saint-Andr\u00e9-des-Eaux, Savenay, Saint-Nazaire, Pornichet\",\"publisher\":{\"@id\":\"https:\\\/\\\/cappex.fr\\\/diagnostics-immobiliers\\\/#organization\"},\"potentialAction\":[{\"@type\":\"SearchAction\",\"target\":{\"@type\":\"EntryPoint\",\"urlTemplate\":\"https:\\\/\\\/cappex.fr\\\/diagnostics-immobiliers\\\/?s={search_term_string}\"},\"query-input\":{\"@type\":\"PropertyValueSpecification\",\"valueRequired\":true,\"valueName\":\"search_term_string\"}}],\"inLanguage\":\"fr-FR\"},{\"@type\":\"Organization\",\"@id\":\"https:\\\/\\\/cappex.fr\\\/diagnostics-immobiliers\\\/#organization\",\"name\":\"SARL CAPPEX\",\"url\":\"https:\\\/\\\/cappex.fr\\\/diagnostics-immobiliers\\\/\",\"logo\":{\"@type\":\"ImageObject\",\"inLanguage\":\"fr-FR\",\"@id\":\"https:\\\/\\\/cappex.fr\\\/diagnostics-immobiliers\\\/#\\\/schema\\\/logo\\\/image\\\/\",\"url\":\"https:\\\/\\\/cappex.fr\\\/diagnostics-immobiliers\\\/wp-content\\\/uploads\\\/2022\\\/04\\\/22_cappex-logo_01.jpg\",\"contentUrl\":\"https:\\\/\\\/cappex.fr\\\/diagnostics-immobiliers\\\/wp-content\\\/uploads\\\/2022\\\/04\\\/22_cappex-logo_01.jpg\",\"width\":512,\"height\":512,\"caption\":\"SARL CAPPEX\"},\"image\":{\"@id\":\"https:\\\/\\\/cappex.fr\\\/diagnostics-immobiliers\\\/#\\\/schema\\\/logo\\\/image\\\/\"},\"sameAs\":[\"https:\\\/\\\/www.facebook.com\\\/diagnosticsimmobiliers44\"]}]}<\/script>\n<!-- \/ Yoast SEO plugin. -->","yoast_head_json":{"title":"MENTIONS L\u00c9GALES - CAPPEX Diagnostics Immobiliers 44","description":"Mentions l\u00e8gales - CAPPEX Diagnostics immobiliers en presqu\u2019\u00eele Gu\u00e9randaise, C\u00f4te d'Amour et de Jade, Grande Bri\u00e8re...","robots":{"index":"index","follow":"follow","max-snippet":"max-snippet:-1","max-image-preview":"max-image-preview:large","max-video-preview":"max-video-preview:-1"},"canonical":"https:\/\/cappex.fr\/diagnostics-immobiliers\/mentions-legales\/","og_locale":"fr_FR","og_type":"article","og_title":"MENTIONS L\u00c9GALES - CAPPEX Diagnostics Immobiliers 44","og_description":"Mentions l\u00e8gales - CAPPEX Diagnostics immobiliers en presqu\u2019\u00eele Gu\u00e9randaise, C\u00f4te d'Amour et de Jade, Grande Bri\u00e8re...","og_url":"https:\/\/cappex.fr\/diagnostics-immobiliers\/mentions-legales\/","og_site_name":"CAPPEX Diagnostics Immobiliers 44","article_publisher":"https:\/\/www.facebook.com\/diagnosticsimmobiliers44","article_modified_time":"2022-09-17T07:35:21+00:00","og_image":[{"width":512,"height":512,"url":"https:\/\/cappex.fr\/diagnostics-immobiliers\/wp-content\/uploads\/2022\/04\/cropped-22_cappex-logo_01.jpg","type":"image\/jpeg"}],"twitter_card":"summary_large_image","twitter_misc":{"Dur\u00e9e de lecture estim\u00e9e":"6 minutes"},"schema":{"@context":"https:\/\/schema.org","@graph":[{"@type":"WebPage","@id":"https:\/\/cappex.fr\/diagnostics-immobiliers\/mentions-legales\/","url":"https:\/\/cappex.fr\/diagnostics-immobiliers\/mentions-legales\/","name":"MENTIONS L\u00c9GALES - CAPPEX Diagnostics Immobiliers 44","isPartOf":{"@id":"https:\/\/cappex.fr\/diagnostics-immobiliers\/#website"},"primaryImageOfPage":{"@id":"https:\/\/cappex.fr\/diagnostics-immobiliers\/mentions-legales\/#primaryimage"},"image":{"@id":"https:\/\/cappex.fr\/diagnostics-immobiliers\/mentions-legales\/#primaryimage"},"thumbnailUrl":"https:\/\/cappex.fr\/diagnostics-immobiliers\/wp-content\/uploads\/2022\/04\/cropped-22_cappex-logo_01.jpg","datePublished":"2022-04-29T09:17:10+00:00","dateModified":"2022-09-17T07:35:21+00:00","description":"Mentions l\u00e8gales - CAPPEX Diagnostics immobiliers en presqu\u2019\u00eele Gu\u00e9randaise, C\u00f4te d'Amour et de Jade, Grande Bri\u00e8re...","breadcrumb":{"@id":"https:\/\/cappex.fr\/diagnostics-immobiliers\/mentions-legales\/#breadcrumb"},"inLanguage":"fr-FR","potentialAction":[{"@type":"ReadAction","target":["https:\/\/cappex.fr\/diagnostics-immobiliers\/mentions-legales\/"]}]},{"@type":"ImageObject","inLanguage":"fr-FR","@id":"https:\/\/cappex.fr\/diagnostics-immobiliers\/mentions-legales\/#primaryimage","url":"https:\/\/cappex.fr\/diagnostics-immobiliers\/wp-content\/uploads\/2022\/04\/cropped-22_cappex-logo_01.jpg","contentUrl":"https:\/\/cappex.fr\/diagnostics-immobiliers\/wp-content\/uploads\/2022\/04\/cropped-22_cappex-logo_01.jpg","width":512,"height":512,"caption":"Logo CAPPEX Diagnostics Immobiliers en C\u00f4te d'Amour"},{"@type":"BreadcrumbList","@id":"https:\/\/cappex.fr\/diagnostics-immobiliers\/mentions-legales\/#breadcrumb","itemListElement":[{"@type":"ListItem","position":1,"name":"Accueil","item":"https:\/\/cappex.fr\/diagnostics-immobiliers\/"},{"@type":"ListItem","position":2,"name":"MENTIONS L\u00c9GALES"}]},{"@type":"WebSite","@id":"https:\/\/cappex.fr\/diagnostics-immobiliers\/#website","url":"https:\/\/cappex.fr\/diagnostics-immobiliers\/","name":"CAPPEX Diagnostics Immobiliers 44","description":"Diagnostics immobiliers depuis 2002 sur Le Pouliguen, La-Baule-Escoublac, Batz-sur-Mer, La Turballe, Piriac, Saint-Lyphard, Herbignac, Gu\u00e9rande, Saint-Andr\u00e9-des-Eaux, Savenay, Saint-Nazaire, Pornichet","publisher":{"@id":"https:\/\/cappex.fr\/diagnostics-immobiliers\/#organization"},"potentialAction":[{"@type":"SearchAction","target":{"@type":"EntryPoint","urlTemplate":"https:\/\/cappex.fr\/diagnostics-immobiliers\/?s={search_term_string}"},"query-input":{"@type":"PropertyValueSpecification","valueRequired":true,"valueName":"search_term_string"}}],"inLanguage":"fr-FR"},{"@type":"Organization","@id":"https:\/\/cappex.fr\/diagnostics-immobiliers\/#organization","name":"SARL CAPPEX","url":"https:\/\/cappex.fr\/diagnostics-immobiliers\/","logo":{"@type":"ImageObject","inLanguage":"fr-FR","@id":"https:\/\/cappex.fr\/diagnostics-immobiliers\/#\/schema\/logo\/image\/","url":"https:\/\/cappex.fr\/diagnostics-immobiliers\/wp-content\/uploads\/2022\/04\/22_cappex-logo_01.jpg","contentUrl":"https:\/\/cappex.fr\/diagnostics-immobiliers\/wp-content\/uploads\/2022\/04\/22_cappex-logo_01.jpg","width":512,"height":512,"caption":"SARL CAPPEX"},"image":{"@id":"https:\/\/cappex.fr\/diagnostics-immobiliers\/#\/schema\/logo\/image\/"},"sameAs":["https:\/\/www.facebook.com\/diagnosticsimmobiliers44"]}]}},"_links":{"self":[{"href":"https:\/\/cappex.fr\/diagnostics-immobiliers\/wp-json\/wp\/v2\/pages\/242","targetHints":{"allow":["GET"]}}],"collection":[{"href":"https:\/\/cappex.fr\/diagnostics-immobiliers\/wp-json\/wp\/v2\/pages"}],"about":[{"href":"https:\/\/cappex.fr\/diagnostics-immobiliers\/wp-json\/wp\/v2\/types\/page"}],"author":[{"embeddable":true,"href":"https:\/\/cappex.fr\/diagnostics-immobiliers\/wp-json\/wp\/v2\/users\/2"}],"replies":[{"embeddable":true,"href":"https:\/\/cappex.fr\/diagnostics-immobiliers\/wp-json\/wp\/v2\/comments?post=242"}],"version-history":[{"count":23,"href":"https:\/\/cappex.fr\/diagnostics-immobiliers\/wp-json\/wp\/v2\/pages\/242\/revisions"}],"predecessor-version":[{"id":379,"href":"https:\/\/cappex.fr\/diagnostics-immobiliers\/wp-json\/wp\/v2\/pages\/242\/revisions\/379"}],"wp:featuredmedia":[{"embeddable":true,"href":"https:\/\/cappex.fr\/diagnostics-immobiliers\/wp-json\/wp\/v2\/media\/106"}],"wp:attachment":[{"href":"https:\/\/cappex.fr\/diagnostics-immobiliers\/wp-json\/wp\/v2\/media?parent=242"}],"curies":[{"name":"wp","href":"https:\/\/api.w.org\/{rel}","templated":true}]}}